{"id":10,"date":"2014-01-26T18:58:39","date_gmt":"2014-01-27T00:58:39","guid":{"rendered":"http:\/\/misionshoffar.org\/wp\/?page_id=10"},"modified":"2014-05-07T16:02:38","modified_gmt":"2014-05-07T22:02:38","slug":"iglesias-bajo-cobertura-de-apostol-haroldo-herrera-en-guatemala","status":"publish","type":"page","link":"https:\/\/misionshoffar.org\/wp\/iglesias-bajo-cobertura-de-apostol-haroldo-herrera-en-guatemala\/","title":{"rendered":"Iglesias bajo cobertura de Ap\u00f3stol Haroldo Herrera en Guatemala"},"content":{"rendered":"<table width=\"700\" border=\"0\" cellspacing=\"7\" cellpadding=\"7\" align=\"center\">\n<tbody>\n<tr>\n<td>Iglesia Cristiana Shoffar<br \/>\nMinisterios Shoffar Ebenezer<br \/>\nAp\u00f3stol Haroldo Herrera<br \/>\nKm. 148.5 Carretera al Pac\u00edfico CA2<br \/>\nCircunvalaci\u00f3n de San Antonio Suchitep\u00e9quez,<br \/>\nSuchitep\u00e9quez<br \/>\n<span style=\"text-decoration: underline;\"><a href=\"mailto:haroldoshoffar@hotmail.com\">haroldoshoffar@hotmail.com<\/a><\/span><\/td>\n<td><iframe loading=\"lazy\" style=\"border: 0;\" src=\"https:\/\/www.google.com\/maps\/embed?pb=!1m14!1m12!1m3!1d1942.2537069604969!2d-91.42120652688736!3d14.533227102420476!2m3!1f0!2f0!3f0!3m2!1i1024!2i768!4f13.1!5e1!3m2!1ses!2s!4v1399493234728\" height=\"233\" width=\"233\" frameborder=\"0\"><\/iframe><\/td>\n<\/tr>\n<tr>\n<td>Iglesia Cristiana Shoffar<br \/>\nMinisterios Shoffar Ebenezer<br \/>\nAp\u00f3stol Haroldo Herrera<br \/>\nAvenida la Libertad 11-66 zona 1,<br \/>\nMazatenango Suchitep\u00e9quez<br \/>\n<span style=\"text-decoration: underline;\"><a href=\"mailto:haroldoshoffar@hotmail.com\">haroldoshoffar@hotmail.com<\/a><\/span><\/td>\n<td><iframe loading=\"lazy\" style=\"border: 0;\" src=\"https:\/\/www.google.com\/maps\/embed?pb=!1m18!1m12!1m3!1d15388.487454658869!2d-91.50272399999999!3d14.530049999999992!2m3!1f0!2f0!3f0!3m2!1i1024!2i768!4f13.1!3m3!1m2!1s0x0%3A0x0!2zMTTCsDMxJzQ4LjIiTiA5McKwMzAnMDkuOCJX!5e1!3m2!1ses!2s!4v1399493554553\" height=\"233\" width=\"233\" frameborder=\"0\"><\/iframe><\/td>\n<\/tr>\n<tr>\n<td>Iglesia Cristiana Shoffar<br \/>\nMinisterios Shoffar Ebenezer<br \/>\nObrero David Rodriguez<br \/>\nCalle Principal entrada norte a<br \/>\nSan Jos\u00e9 el \u00cddolo, Suchitep\u00e9quez<\/td>\n<td><\/td>\n<\/tr>\n<tr>\n<td>Iglesia Cristiana Shoffar<br \/>\n<span style=\"line-height: 1.5em;\">Ministerios Shoffar Ebenezer<br \/>\n<\/span><span style=\"line-height: 1.5em;\">Pastora Lisbeth de Quevedo<br \/>\n<\/span>Sector los Silos<br \/>\nSan Antonio Suchitep\u00e9quez<\/td>\n<td><\/td>\n<\/tr>\n<tr>\n<td>Iglesia Cristiana Shoffar<br \/>\nMinisterios Shoffar Ebenezer<br \/>\nPastor Lorenzo Tacaxoy<br \/>\nAldea las Ilusiones,<br \/>\nSanta B\u00e1rbara, Suchitep\u00e9quez<\/td>\n<td><\/td>\n<\/tr>\n<tr>\n<td><\/td>\n<td><\/td>\n<\/tr>\n<\/tbody>\n<\/table>\n","protected":false},"excerpt":{"rendered":"<p>Iglesia Cristiana Shoffar Ministerios Shoffar Ebenezer Ap\u00f3stol Haroldo Herrera Km. 148.5 Carretera al Pac\u00edfico CA2 Circunvalaci\u00f3n de San Antonio Suchitep\u00e9quez, Suchitep\u00e9quez haroldoshoffar@hotmail.com Iglesia Cristiana Shoffar Ministerios Shoffar Ebenezer Ap\u00f3stol Haroldo Herrera Avenida la Libertad 11-66 zona 1, Mazatenango Suchitep\u00e9quez haroldoshoffar@hotmail.com Iglesia Cristiana Shoffar Ministerios Shoffar Ebenezer Obrero David Rodriguez Calle Principal entrada norte a San&hellip; <br \/> <a class=\"read-more\" href=\"https:\/\/misionshoffar.org\/wp\/iglesias-bajo-cobertura-de-apostol-haroldo-herrera-en-guatemala\/\">Leer m\u00e1s<\/a><\/p>\n","protected":false},"author":1,"featured_media":0,"parent":0,"menu_order":0,"comment_status":"open","ping_status":"open","template":"","meta":{"footnotes":""},"class_list":["post-10","page","type-page","status-publish","hentry"],"jetpack_sharing_enabled":true,"jetpack_likes_enabled":true,"_links":{"self":[{"href":"https:\/\/misionshoffar.org\/wp\/wp-json\/wp\/v2\/pages\/10","targetHints":{"allow":["GET"]}}],"collection":[{"href":"https:\/\/misionshoffar.org\/wp\/wp-json\/wp\/v2\/pages"}],"about":[{"href":"https:\/\/misionshoffar.org\/wp\/wp-json\/wp\/v2\/types\/page"}],"author":[{"embeddable":true,"href":"https:\/\/misionshoffar.org\/wp\/wp-json\/wp\/v2\/users\/1"}],"replies":[{"embeddable":true,"href":"https:\/\/misionshoffar.org\/wp\/wp-json\/wp\/v2\/comments?post=10"}],"version-history":[{"count":6,"href":"https:\/\/misionshoffar.org\/wp\/wp-json\/wp\/v2\/pages\/10\/revisions"}],"predecessor-version":[{"id":1356,"href":"https:\/\/misionshoffar.org\/wp\/wp-json\/wp\/v2\/pages\/10\/revisions\/1356"}],"wp:attachment":[{"href":"https:\/\/misionshoffar.org\/wp\/wp-json\/wp\/v2\/media?parent=10"}],"curies":[{"name":"wp","href":"https:\/\/api.w.org\/{rel}","templated":true}]}}